{"id":18,"date":"2024-11-20T15:47:47","date_gmt":"2024-11-20T14:47:47","guid":{"rendered":"https:\/\/vntapas.se\/?page_id=18"},"modified":"2026-01-09T18:58:06","modified_gmt":"2026-01-09T17:58:06","slug":"kontakta-oss","status":"publish","type":"page","link":"https:\/\/vntapas.se\/?page_id=18","title":{"rendered":"Kontakt"},"content":{"rendered":"\n<hr class=\"wp-block-separator has-alpha-channel-opacity is-style-wide\"\/>\n\n\n\n<p class=\"has-text-align-center\">Vega All\u00e9 47, Haninge, Stockholm<br>08 &#8211; 420 073 74<br>info@phobun.se<\/p>\n\n\n\n<p class=\"has-text-align-center\"><\/p>\n\n\n\n<h5 class=\"wp-block-heading has-text-align-center\"><strong>\u00d6ppettider<\/strong><\/h5>\n\n\n\n<p class=\"has-text-align-center\">Tisdag &#8211; Torsdag 11 &#8211; 22<br>Fredag 11 &#8211; 01<br>L\u00f6rdag 12 &#8211; 01<br>S\u00f6ndag st\u00e4ngt<br>M\u00e5ndag st\u00e4ngt<\/p>\n\n\n\n<p class=\"has-text-align-center\"><\/p>\n\n\n\n<p class=\"has-text-align-center\" id=\"block-48556874-81ae-4df2-9ca3-6b19b93f4dca\"><\/p>\n\n\n\n<p class=\"has-text-align-center\"><\/p>\n","protected":false},"excerpt":{"rendered":"<p>Vega All\u00e9 47, Haninge, Stockholm08 &#8211; 420 073 74info@phobun.se \u00d6ppettider Tisdag &#8211; Torsdag 11 &#8211; 22Fredag 11 &#8211; 01L\u00f6rdag 12 &#8211; 01S\u00f6ndag st\u00e4ngtM\u00e5ndag st\u00e4ngt<\/p>\n","protected":false},"author":1,"featured_media":0,"parent":0,"menu_order":2,"comment_status":"closed","ping_status":"closed","template":"","meta":{"_monsterinsights_skip_tracking":false,"_monsterinsights_sitenote_active":false,"_monsterinsights_sitenote_note":"","_monsterinsights_sitenote_category":0,"footnotes":""},"class_list":["post-18","page","type-page","status-publish","hentry"],"yoast_head":"<!-- This site is optimized with the Yoast SEO plugin v23.9 - https:\/\/yoast.com\/wordpress\/plugins\/seo\/ -->\n<title>Kontakt - VIETNAMESE TAPAS<\/title>\n<meta name=\"robots\" content=\"index, follow, max-snippet:-1, max-image-preview:large, max-video-preview:-1\" \/>\n<link rel=\"canonical\" href=\"https:\/\/vntapas.se\/?page_id=18\" \/>\n<meta property=\"og:locale\" content=\"sv_SE\" \/>\n<meta property=\"og:type\" content=\"article\" \/>\n<meta property=\"og:title\" content=\"Kontakt - VIETNAMESE TAPAS\" \/>\n<meta property=\"og:description\" content=\"Vega All\u00e9 47, Haninge, Stockholm08 &#8211; 420 073 74info@phobun.se \u00d6ppettider Tisdag &#8211; Torsdag 11 &#8211; 22Fredag 11 &#8211; 01L\u00f6rdag 12 &#8211; 01S\u00f6ndag st\u00e4ngtM\u00e5ndag st\u00e4ngt\" \/>\n<meta property=\"og:url\" content=\"https:\/\/vntapas.se\/?page_id=18\" \/>\n<meta property=\"og:site_name\" content=\"VIETNAMESE TAPAS\" \/>\n<meta property=\"article:publisher\" content=\"https:\/\/www.facebook.com\/PhobunStockholm\/\" \/>\n<meta property=\"article:modified_time\" content=\"2026-01-09T17:58:06+00:00\" \/>\n<meta name=\"twitter:card\" content=\"summary_large_image\" \/>\n<meta name=\"twitter:label1\" content=\"Ber\u00e4knad l\u00e4stid\" \/>\n\t<meta name=\"twitter:data1\" content=\"1 minut\" \/>\n<script type=\"application\/ld+json\" class=\"yoast-schema-graph\">{\"@context\":\"https:\/\/schema.org\",\"@graph\":[{\"@type\":\"WebPage\",\"@id\":\"https:\/\/vntapas.se\/?page_id=18\",\"url\":\"https:\/\/vntapas.se\/?page_id=18\",\"name\":\"Kontakt - VIETNAMESE TAPAS\",\"isPartOf\":{\"@id\":\"https:\/\/vntapas.se\/#website\"},\"datePublished\":\"2024-11-20T14:47:47+00:00\",\"dateModified\":\"2026-01-09T17:58:06+00:00\",\"breadcrumb\":{\"@id\":\"https:\/\/vntapas.se\/?page_id=18#breadcrumb\"},\"inLanguage\":\"sv-SE\",\"potentialAction\":[{\"@type\":\"ReadAction\",\"target\":[\"https:\/\/vntapas.se\/?page_id=18\"]}]},{\"@type\":\"BreadcrumbList\",\"@id\":\"https:\/\/vntapas.se\/?page_id=18#breadcrumb\",\"itemListElement\":[{\"@type\":\"ListItem\",\"position\":1,\"name\":\"Home\",\"item\":\"https:\/\/vntapas.se\/\"},{\"@type\":\"ListItem\",\"position\":2,\"name\":\"Kontakt\"}]},{\"@type\":\"WebSite\",\"@id\":\"https:\/\/vntapas.se\/#website\",\"url\":\"https:\/\/vntapas.se\/\",\"name\":\"VIETNAMESE TAPAS\",\"description\":\"\u0102n Ch\u01a1i - D\u00f9 \u0111\u1eddi c\u00f3 dang d\u1edf, nh\u01b0ng ta v\u1eabn \u0103n ph\u1edf\",\"publisher\":{\"@id\":\"https:\/\/vntapas.se\/#organization\"},\"potentialAction\":[{\"@type\":\"SearchAction\",\"target\":{\"@type\":\"EntryPoint\",\"urlTemplate\":\"https:\/\/vntapas.se\/?s={search_term_string}\"},\"query-input\":{\"@type\":\"PropertyValueSpecification\",\"valueRequired\":true,\"valueName\":\"search_term_string\"}}],\"inLanguage\":\"sv-SE\"},{\"@type\":\"Organization\",\"@id\":\"https:\/\/vntapas.se\/#organization\",\"name\":\"VIETNAMESE TAPAS\",\"url\":\"https:\/\/vntapas.se\/\",\"logo\":{\"@type\":\"ImageObject\",\"inLanguage\":\"sv-SE\",\"@id\":\"https:\/\/vntapas.se\/#\/schema\/logo\/image\/\",\"url\":\"https:\/\/vntapas.se\/wp-content\/uploads\/2024\/11\/logo.png\",\"contentUrl\":\"https:\/\/vntapas.se\/wp-content\/uploads\/2024\/11\/logo.png\",\"width\":510,\"height\":510,\"caption\":\"VIETNAMESE TAPAS\"},\"image\":{\"@id\":\"https:\/\/vntapas.se\/#\/schema\/logo\/image\/\"},\"sameAs\":[\"https:\/\/www.facebook.com\/PhobunStockholm\/\",\"https:\/\/www.instagram.com\/phobun\/\"]}]}<\/script>\n<!-- \/ Yoast SEO plugin. -->","yoast_head_json":{"title":"Kontakt - VIETNAMESE TAPAS","robots":{"index":"index","follow":"follow","max-snippet":"max-snippet:-1","max-image-preview":"max-image-preview:large","max-video-preview":"max-video-preview:-1"},"canonical":"https:\/\/vntapas.se\/?page_id=18","og_locale":"sv_SE","og_type":"article","og_title":"Kontakt - VIETNAMESE TAPAS","og_description":"Vega All\u00e9 47, Haninge, Stockholm08 &#8211; 420 073 74info@phobun.se \u00d6ppettider Tisdag &#8211; Torsdag 11 &#8211; 22Fredag 11 &#8211; 01L\u00f6rdag 12 &#8211; 01S\u00f6ndag st\u00e4ngtM\u00e5ndag st\u00e4ngt","og_url":"https:\/\/vntapas.se\/?page_id=18","og_site_name":"VIETNAMESE TAPAS","article_publisher":"https:\/\/www.facebook.com\/PhobunStockholm\/","article_modified_time":"2026-01-09T17:58:06+00:00","twitter_card":"summary_large_image","twitter_misc":{"Ber\u00e4knad l\u00e4stid":"1 minut"},"schema":{"@context":"https:\/\/schema.org","@graph":[{"@type":"WebPage","@id":"https:\/\/vntapas.se\/?page_id=18","url":"https:\/\/vntapas.se\/?page_id=18","name":"Kontakt - VIETNAMESE TAPAS","isPartOf":{"@id":"https:\/\/vntapas.se\/#website"},"datePublished":"2024-11-20T14:47:47+00:00","dateModified":"2026-01-09T17:58:06+00:00","breadcrumb":{"@id":"https:\/\/vntapas.se\/?page_id=18#breadcrumb"},"inLanguage":"sv-SE","potentialAction":[{"@type":"ReadAction","target":["https:\/\/vntapas.se\/?page_id=18"]}]},{"@type":"BreadcrumbList","@id":"https:\/\/vntapas.se\/?page_id=18#breadcrumb","itemListElement":[{"@type":"ListItem","position":1,"name":"Home","item":"https:\/\/vntapas.se\/"},{"@type":"ListItem","position":2,"name":"Kontakt"}]},{"@type":"WebSite","@id":"https:\/\/vntapas.se\/#website","url":"https:\/\/vntapas.se\/","name":"VIETNAMESE TAPAS","description":"\u0102n Ch\u01a1i - D\u00f9 \u0111\u1eddi c\u00f3 dang d\u1edf, nh\u01b0ng ta v\u1eabn \u0103n ph\u1edf","publisher":{"@id":"https:\/\/vntapas.se\/#organization"},"potentialAction":[{"@type":"SearchAction","target":{"@type":"EntryPoint","urlTemplate":"https:\/\/vntapas.se\/?s={search_term_string}"},"query-input":{"@type":"PropertyValueSpecification","valueRequired":true,"valueName":"search_term_string"}}],"inLanguage":"sv-SE"},{"@type":"Organization","@id":"https:\/\/vntapas.se\/#organization","name":"VIETNAMESE TAPAS","url":"https:\/\/vntapas.se\/","logo":{"@type":"ImageObject","inLanguage":"sv-SE","@id":"https:\/\/vntapas.se\/#\/schema\/logo\/image\/","url":"https:\/\/vntapas.se\/wp-content\/uploads\/2024\/11\/logo.png","contentUrl":"https:\/\/vntapas.se\/wp-content\/uploads\/2024\/11\/logo.png","width":510,"height":510,"caption":"VIETNAMESE TAPAS"},"image":{"@id":"https:\/\/vntapas.se\/#\/schema\/logo\/image\/"},"sameAs":["https:\/\/www.facebook.com\/PhobunStockholm\/","https:\/\/www.instagram.com\/phobun\/"]}]}},"_links":{"self":[{"href":"https:\/\/vntapas.se\/index.php?rest_route=\/wp\/v2\/pages\/18","targetHints":{"allow":["GET"]}}],"collection":[{"href":"https:\/\/vntapas.se\/index.php?rest_route=\/wp\/v2\/pages"}],"about":[{"href":"https:\/\/vntapas.se\/index.php?rest_route=\/wp\/v2\/types\/page"}],"author":[{"embeddable":true,"href":"https:\/\/vntapas.se\/index.php?rest_route=\/wp\/v2\/users\/1"}],"replies":[{"embeddable":true,"href":"https:\/\/vntapas.se\/index.php?rest_route=%2Fwp%2Fv2%2Fcomments&post=18"}],"version-history":[{"count":6,"href":"https:\/\/vntapas.se\/index.php?rest_route=\/wp\/v2\/pages\/18\/revisions"}],"predecessor-version":[{"id":414,"href":"https:\/\/vntapas.se\/index.php?rest_route=\/wp\/v2\/pages\/18\/revisions\/414"}],"wp:attachment":[{"href":"https:\/\/vntapas.se\/index.php?rest_route=%2Fwp%2Fv2%2Fmedia&parent=18"}],"curies":[{"name":"wp","href":"https:\/\/api.w.org\/{rel}","templated":true}]}}