{"id":2,"date":"2024-11-20T14:38:12","date_gmt":"2024-11-20T13:38:12","guid":{"rendered":"https:\/\/vntapas.se\/?page_id=2"},"modified":"2026-03-16T15:22:46","modified_gmt":"2026-03-16T14:22:46","slug":"hemma","status":"publish","type":"page","link":"https:\/\/vntapas.se\/","title":{"rendered":"Pho &#038; Bun"},"content":{"rendered":"\n<hr class=\"wp-block-separator has-alpha-channel-opacity is-style-wide\"\/>\n\n\n\n<h2 class=\"wp-block-heading has-text-align-center\"><strong>Viet Tapas, fr\u00e4scha cocktails och en atmosf\u00e4r som f\u00f6r tankarna till Vietnams livliga gator<\/strong><\/h2>\n\n\n\n<p>V\u00e4lkommen till Pho &amp; Bun, h\u00e4r \u00e4ter vi som i Vietnam: sm\u00e5r\u00e4tter, share food och massor av smak att dela. Med omsorgsfullt komponerade smaker, en inbjudande atmosf\u00e4r och ett naturligt fl\u00f6de mellan mat och umg\u00e4nge, ger vi dig utrymme att stanna upp och njuta. <\/p>\n\n\n\n<p>Vi har ett gener\u00f6st utbud av cocktails &#8211; allt serverat i en avslappnad milj\u00f6, perfekt f\u00f6r AW eller en kv\u00e4ll med v\u00e4nner n\u00e4r du vill koppla bort vardagen och kliva in i n\u00e5got helt annat. <\/p>\n\n\n\n<p>F\u00f6r en komplett upplevelse rekommenderar vi v\u00e5r avsmakningsmeny, en varsamt komponerad helhet, skapad f\u00f6r att delas \u2013 som de b\u00e4sta stunderna i livet.<\/p>\n\n\n\n<p class=\"has-text-align-center\"><a href=\"https:\/\/vntapas.se\/wp-content\/uploads\/2026\/02\/Avsmakningsmeny-Phobun.pdf\">Avsmakningsmeny<\/a><\/p>\n\n\n<div class=\"wp-block-image\">\n<figure class=\"aligncenter size-large\"><img decoding=\"async\" src=\"https:\/\/vntapas.se\/wp-content\/uploads\/2025\/03\/Phobun-10-scaled.jpg\" alt=\"\"\/><\/figure><\/div>\n\n\n<p class=\"has-text-align-center\"><\/p>\n\n\n\n<blockquote class=\"wp-block-quote is-layout-flow wp-block-quote-is-layout-flow\">\n<p class=\"has-text-align-left\">En kv\u00e4ll av k\u00e4rlek &amp; vietnamesiska smaker \u2764\ufe0f L\u00e5t oss ta er p\u00e5 en smakresa fylld av f\u00f6rf\u00f6riska sm\u00e5r\u00e4tter med stora smaker \u2013 dippa, dela och njut.<\/p>\n<\/blockquote>\n\n\n\n<h2 class=\"wp-block-heading has-text-align-center\"><strong>Afterwork \u2013 Cocktails, Chill &amp; Good Times!<\/strong><\/h2>\n\n\n\n<p>Pho &amp; Bun \u00e4r den sj\u00e4lvklara platsen f\u00f6r en avslappnad afterwork, en kv\u00e4ll med g\u00e4nget eller en dejt som f\u00f6rtj\u00e4nar det lilla extra. Slappna av efter jobbet med en cocktail i handen, goda v\u00e4nner vid bordet och musik som s\u00e4tter r\u00e4tt st\u00e4mning. Kanske blir det bara en drink, kanske blir det en helkv\u00e4ll \u2013 vi finns h\u00e4r oavsett.<\/p>\n\n\n<div class=\"wp-block-image\">\n<figure class=\"aligncenter size-large\"><img decoding=\"async\" src=\"https:\/\/vntapas.se\/wp-content\/uploads\/2025\/03\/Phobun-3-scaled.jpg\" alt=\"\"\/><\/figure><\/div>\n\n\n<p><\/p>\n\n\n\n<p><\/p>\n\n\n\n<h2 class=\"wp-block-heading has-text-align-center\"><strong>Upplev Vietnams aromer av friskhet och f\u00e4rskhet<\/strong><\/h2>\n\n\n\n<p class=\"has-text-align-center\">Vietnamesisk matkultur k\u00e4nnetecknas av en fin balans mellan smaker och en anv\u00e4ndning av f\u00e4rska, lokala ingredienser. Den vietnamesiska maten \u00e4r ofta l\u00e4tt och h\u00e4lsosam, med betoning p\u00e5 gr\u00f6nsaker och \u00f6rter. Smakprofilen inkluderar en kombination av s\u00f6tt, surt, salt och bittert, och r\u00e4tter \u00e4r ofta l\u00e4ttare \u00e4n i m\u00e5nga andra asiatiska k\u00f6k.<\/p>\n\n\n<div class=\"wp-block-image\">\n<figure class=\"aligncenter size-full\"><img loading=\"lazy\" decoding=\"async\" width=\"466\" height=\"700\" src=\"https:\/\/vntapas.se\/wp-content\/uploads\/2024\/11\/pho-bun-6.webp\" alt=\"\" class=\"wp-image-118\" srcset=\"https:\/\/vntapas.se\/wp-content\/uploads\/2024\/11\/pho-bun-6.webp 466w, https:\/\/vntapas.se\/wp-content\/uploads\/2024\/11\/pho-bun-6-200x300.webp 200w\" sizes=\"auto, (max-width: 466px) 100vw, 466px\" \/><\/figure><\/div>\n\n\n<blockquote class=\"wp-block-quote is-layout-flow wp-block-quote-is-layout-flow\">\n<p>F\u00e4rska \u00f6rter spelar en central roll i det vietnamesiska k\u00f6ket, d\u00e4r koriander, mynta, basilika och citronblad anv\u00e4nds f\u00f6r att ge r\u00e4tter en fr\u00e4sch och doftande smak.&nbsp;<strong>Nuoc mam<\/strong>, en fisks\u00e5s som \u00e4r en grundl\u00e4ggande ingrediens i m\u00e5nga r\u00e4tter, anv\u00e4nds b\u00e5de som krydda och dipp.<\/p>\n<\/blockquote>\n\n\n\n<p><\/p>\n\n\n\n<h2 class=\"wp-block-heading has-text-align-center\"><strong>\u00c4ta Ph\u1edf som en vietnames<\/strong><\/h2>\n\n\n\n<p><\/p>\n\n\n\n<figure class=\"wp-block-image size-large\"><img loading=\"lazy\" decoding=\"async\" width=\"1024\" height=\"1016\" src=\"https:\/\/vntapas.se\/wp-content\/uploads\/2024\/11\/pho_1-1024x1016.jpg\" alt=\"\" class=\"wp-image-249\" srcset=\"https:\/\/vntapas.se\/wp-content\/uploads\/2024\/11\/pho_1-1024x1016.jpg 1024w, https:\/\/vntapas.se\/wp-content\/uploads\/2024\/11\/pho_1-300x298.jpg 300w, https:\/\/vntapas.se\/wp-content\/uploads\/2024\/11\/pho_1-150x150.jpg 150w, https:\/\/vntapas.se\/wp-content\/uploads\/2024\/11\/pho_1-768x762.jpg 768w, https:\/\/vntapas.se\/wp-content\/uploads\/2024\/11\/pho_1.jpg 1376w\" sizes=\"auto, (max-width: 1024px) 100vw, 1024px\" \/><\/figure>\n\n\n\n<p><\/p>\n\n\n\n<p class=\"has-text-align-center\">S\u00f6rpla buljongen f\u00f6rst medan du \u00e4ter nudlarna med pinnarna. Det \u00e4r ok att h\u00e5lla ansiktet i sopsk\u00e5len medan du s\u00f6rplar. <br>N\u00e4r nudlarna \u00e4r upp\u00e4tna, h\u00f6j sk\u00e5len till dina l\u00e4ppar med b\u00e5da h\u00e4nderna och s\u00f6rplar rent sk\u00e5len. <br>Det \u00e4r inte oartigt utan det \u00e4r hur du avslutar en sk\u00e5l med Ph\u1edf.<\/p>\n\n\n\n<p><\/p>\n\n\n\n<blockquote class=\"wp-block-quote is-layout-flow wp-block-quote-is-layout-flow\">\n<p class=\"has-text-align-left\">Pho \u00e4r en klassisk vietnamesisk soppa som \u00e4r \u00e4lskad f\u00f6r sin komplexa smak och fr\u00e4scha ingredienser. Den popul\u00e4ra r\u00e4tten serveras oftast med tunt skivat n\u00f6tk\u00f6tt eller kyckling, som kokas i den heta buljongen vid servering. Buljongen \u00e4r basen f\u00f6r Pho och f\u00e5r sin smak fr\u00e5n l\u00e5ngkok av ben, kryddor som stj\u00e4rnanis, kanel och ingef\u00e4ra samt fisks\u00e5s, vilket ger den en djup och balanserad smak. Pho \u00e4r en popul\u00e4r soppa i Vietnam som kan avnjutas hela dagen.<\/p>\n<\/blockquote>\n\n\n\n<p><\/p>\n\n\n\n<p><\/p>\n\n\n\n<h1 class=\"wp-block-heading has-text-align-left\"><br>Meny<\/h1>\n\n\n\n<hr class=\"wp-block-separator has-alpha-channel-opacity is-style-wide\" id=\"block-bf9b1a86-7631-464a-98a5-6ba2fdaf84f5\"\/>\n\n\n\n<p class=\"has-text-align-center\"><\/p>\n\n\n<div class=\"wp-block-image\">\n<figure class=\"aligncenter size-large\"><img loading=\"lazy\" decoding=\"async\" width=\"725\" height=\"1024\" src=\"https:\/\/vntapas.se\/wp-content\/uploads\/2025\/11\/Meny-202511-Cocktails-725x1024.jpg\" alt=\"\" class=\"wp-image-371\" srcset=\"https:\/\/vntapas.se\/wp-content\/uploads\/2025\/11\/Meny-202511-Cocktails-725x1024.jpg 725w, https:\/\/vntapas.se\/wp-content\/uploads\/2025\/11\/Meny-202511-Cocktails-212x300.jpg 212w, https:\/\/vntapas.se\/wp-content\/uploads\/2025\/11\/Meny-202511-Cocktails-768x1085.jpg 768w, https:\/\/vntapas.se\/wp-content\/uploads\/2025\/11\/Meny-202511-Cocktails-1088x1536.jpg 1088w, https:\/\/vntapas.se\/wp-content\/uploads\/2025\/11\/Meny-202511-Cocktails-1450x2048.jpg 1450w, https:\/\/vntapas.se\/wp-content\/uploads\/2025\/11\/Meny-202511-Cocktails-scaled.jpg 1813w\" sizes=\"auto, (max-width: 725px) 100vw, 725px\" \/><\/figure><\/div>\n\n\n<hr class=\"wp-block-separator has-alpha-channel-opacity is-style-dots\"\/>\n\n\n<div class=\"wp-block-image\">\n<figure class=\"aligncenter size-large\"><img loading=\"lazy\" decoding=\"async\" width=\"725\" height=\"1024\" src=\"https:\/\/vntapas.se\/wp-content\/uploads\/2025\/11\/Meny-202511-Mat-Vega-725x1024.jpg\" alt=\"\" class=\"wp-image-375\" srcset=\"https:\/\/vntapas.se\/wp-content\/uploads\/2025\/11\/Meny-202511-Mat-Vega-725x1024.jpg 725w, https:\/\/vntapas.se\/wp-content\/uploads\/2025\/11\/Meny-202511-Mat-Vega-212x300.jpg 212w, https:\/\/vntapas.se\/wp-content\/uploads\/2025\/11\/Meny-202511-Mat-Vega-768x1085.jpg 768w, https:\/\/vntapas.se\/wp-content\/uploads\/2025\/11\/Meny-202511-Mat-Vega-1088x1536.jpg 1088w, https:\/\/vntapas.se\/wp-content\/uploads\/2025\/11\/Meny-202511-Mat-Vega-1450x2048.jpg 1450w, https:\/\/vntapas.se\/wp-content\/uploads\/2025\/11\/Meny-202511-Mat-Vega-scaled.jpg 1813w\" sizes=\"auto, (max-width: 725px) 100vw, 725px\" \/><\/figure><\/div>\n\n\n<hr class=\"wp-block-separator has-alpha-channel-opacity is-style-dots\"\/>\n\n\n<div class=\"wp-block-image\">\n<figure class=\"aligncenter size-large\"><img loading=\"lazy\" decoding=\"async\" width=\"725\" height=\"1024\" src=\"https:\/\/vntapas.se\/wp-content\/uploads\/2025\/11\/Meny-202511-Ol-Vin-725x1024.jpg\" alt=\"\" class=\"wp-image-376\" srcset=\"https:\/\/vntapas.se\/wp-content\/uploads\/2025\/11\/Meny-202511-Ol-Vin-725x1024.jpg 725w, https:\/\/vntapas.se\/wp-content\/uploads\/2025\/11\/Meny-202511-Ol-Vin-212x300.jpg 212w, https:\/\/vntapas.se\/wp-content\/uploads\/2025\/11\/Meny-202511-Ol-Vin-768x1085.jpg 768w, https:\/\/vntapas.se\/wp-content\/uploads\/2025\/11\/Meny-202511-Ol-Vin-1088x1536.jpg 1088w, https:\/\/vntapas.se\/wp-content\/uploads\/2025\/11\/Meny-202511-Ol-Vin-1450x2048.jpg 1450w, https:\/\/vntapas.se\/wp-content\/uploads\/2025\/11\/Meny-202511-Ol-Vin-scaled.jpg 1813w\" sizes=\"auto, (max-width: 725px) 100vw, 725px\" \/><\/figure><\/div>\n\n\n<h1 class=\"wp-block-heading\"><br>Boka Bord<\/h1>\n\n\n\n<hr class=\"wp-block-separator has-alpha-channel-opacity is-style-wide\"\/>\n\n\n\n<p class=\"has-text-align-left\" id=\"block-56260c86-7c21-45ce-b1a8-b726a94bc05c\">Det \u00e4r bara att slinka in, vi har alltid n\u00e5gra bord som vi inte reservera, men om du vill vara p\u00e5 den s\u00e4kra sidan, boka g\u00e4rna ett bord via l\u00e4nken nedan.<br>F\u00f6r st\u00f6rre s\u00e4llskap mejla oss f\u00f6r bordsbokning, eller skicka f\u00f6rfr\u00e5gan p\u00e5 Instagram \/ Facebook messenger.<\/p>\n\n\n\n<p class=\"has-text-align-left\" id=\"block-56260c86-7c21-45ce-b1a8-b726a94bc05c\"><a href=\"https:\/\/widget.thefork.com\/63bdff9b-3c3c-40a7-b563-b0b3025c70ce\" target=\"_blank\" rel=\"noreferrer noopener\">BOKA H\u00c4R &#8211; Make a reservation<\/a><\/p>\n\n\n\n<ul class=\"wp-block-social-links is-layout-flex wp-block-social-links-is-layout-flex\"><li class=\"wp-social-link wp-social-link-instagram  wp-block-social-link\"><a href=\"https:\/\/www.instagram.com\/phobun\/\" class=\"wp-block-social-link-anchor\"><svg width=\"24\" height=\"24\" viewBox=\"0 0 24 24\" version=\"1.1\" xmlns=\"http:\/\/www.w3.org\/2000\/svg\" aria-hidden=\"true\" focusable=\"false\"><path d=\"M12,4.622c2.403,0,2.688,0.009,3.637,0.052c0.877,0.04,1.354,0.187,1.671,0.31c0.42,0.163,0.72,0.358,1.035,0.673 c0.315,0.315,0.51,0.615,0.673,1.035c0.123,0.317,0.27,0.794,0.31,1.671c0.043,0.949,0.052,1.234,0.052,3.637 s-0.009,2.688-0.052,3.637c-0.04,0.877-0.187,1.354-0.31,1.671c-0.163,0.42-0.358,0.72-0.673,1.035 c-0.315,0.315-0.615,0.51-1.035,0.673c-0.317,0.123-0.794,0.27-1.671,0.31c-0.949,0.043-1.233,0.052-3.637,0.052 s-2.688-0.009-3.637-0.052c-0.877-0.04-1.354-0.187-1.671-0.31c-0.42-0.163-0.72-0.358-1.035-0.673 c-0.315-0.315-0.51-0.615-0.673-1.035c-0.123-0.317-0.27-0.794-0.31-1.671C4.631,14.688,4.622,14.403,4.622,12 s0.009-2.688,0.052-3.637c0.04-0.877,0.187-1.354,0.31-1.671c0.163-0.42,0.358-0.72,0.673-1.035 c0.315-0.315,0.615-0.51,1.035-0.673c0.317-0.123,0.794-0.27,1.671-0.31C9.312,4.631,9.597,4.622,12,4.622 M12,3 C9.556,3,9.249,3.01,8.289,3.054C7.331,3.098,6.677,3.25,6.105,3.472C5.513,3.702,5.011,4.01,4.511,4.511 c-0.5,0.5-0.808,1.002-1.038,1.594C3.25,6.677,3.098,7.331,3.054,8.289C3.01,9.249,3,9.556,3,12c0,2.444,0.01,2.751,0.054,3.711 c0.044,0.958,0.196,1.612,0.418,2.185c0.23,0.592,0.538,1.094,1.038,1.594c0.5,0.5,1.002,0.808,1.594,1.038 c0.572,0.222,1.227,0.375,2.185,0.418C9.249,20.99,9.556,21,12,21s2.751-0.01,3.711-0.054c0.958-0.044,1.612-0.196,2.185-0.418 c0.592-0.23,1.094-0.538,1.594-1.038c0.5-0.5,0.808-1.002,1.038-1.594c0.222-0.572,0.375-1.227,0.418-2.185 C20.99,14.751,21,14.444,21,12s-0.01-2.751-0.054-3.711c-0.044-0.958-0.196-1.612-0.418-2.185c-0.23-0.592-0.538-1.094-1.038-1.594 c-0.5-0.5-1.002-0.808-1.594-1.038c-0.572-0.222-1.227-0.375-2.185-0.418C14.751,3.01,14.444,3,12,3L12,3z M12,7.378 c-2.552,0-4.622,2.069-4.622,4.622S9.448,16.622,12,16.622s4.622-2.069,4.622-4.622S14.552,7.378,12,7.378z M12,15 c-1.657,0-3-1.343-3-3s1.343-3,3-3s3,1.343,3,3S13.657,15,12,15z M16.804,6.116c-0.596,0-1.08,0.484-1.08,1.08 s0.484,1.08,1.08,1.08c0.596,0,1.08-0.484,1.08-1.08S17.401,6.116,16.804,6.116z\"><\/path><\/svg><span class=\"wp-block-social-link-label screen-reader-text\">Instagram<\/span><\/a><\/li>\n\n<li class=\"wp-social-link wp-social-link-facebook  wp-block-social-link\"><a href=\"https:\/\/www.facebook.com\/PhobunStockholm\/\" class=\"wp-block-social-link-anchor\"><svg width=\"24\" height=\"24\" viewBox=\"0 0 24 24\" version=\"1.1\" xmlns=\"http:\/\/www.w3.org\/2000\/svg\" aria-hidden=\"true\" focusable=\"false\"><path d=\"M12 2C6.5 2 2 6.5 2 12c0 5 3.7 9.1 8.4 9.9v-7H7.9V12h2.5V9.8c0-2.5 1.5-3.9 3.8-3.9 1.1 0 2.2.2 2.2.2v2.5h-1.3c-1.2 0-1.6.8-1.6 1.6V12h2.8l-.4 2.9h-2.3v7C18.3 21.1 22 17 22 12c0-5.5-4.5-10-10-10z\"><\/path><\/svg><span class=\"wp-block-social-link-label screen-reader-text\">Facebook<\/span><\/a><\/li>\n\n<li class=\"wp-social-link wp-social-link-mail  wp-block-social-link\"><a href=\"mailto:i&#110;f&#111;&#064;&#112;&#104;&#111;bu&#110;&#046;&#115;e\" class=\"wp-block-social-link-anchor\"><svg width=\"24\" height=\"24\" viewBox=\"0 0 24 24\" version=\"1.1\" xmlns=\"http:\/\/www.w3.org\/2000\/svg\" aria-hidden=\"true\" focusable=\"false\"><path d=\"M19,5H5c-1.1,0-2,.9-2,2v10c0,1.1.9,2,2,2h14c1.1,0,2-.9,2-2V7c0-1.1-.9-2-2-2zm.5,12c0,.3-.2.5-.5.5H5c-.3,0-.5-.2-.5-.5V9.8l7.5,5.6,7.5-5.6V17zm0-9.1L12,13.6,4.5,7.9V7c0-.3.2-.5.5-.5h14c.3,0,.5.2.5.5v.9z\"><\/path><\/svg><span class=\"wp-block-social-link-label screen-reader-text\">Mail<\/span><\/a><\/li><\/ul>\n\n\n\n<p><\/p>\n\n\n\n<p id=\"block-067deb3b-5e70-482a-be23-9d99f6eb15f8\"><\/p>\n\n\n\n<h1 class=\"wp-block-heading\"><br>Kontakt<\/h1>\n\n\n\n<hr class=\"wp-block-separator has-alpha-channel-opacity is-style-wide\"\/>\n\n\n\n<p class=\"has-text-align-center\">Vega All\u00e9 47, Haninge, Stockholm<br>08 &#8211; 420 073 74<br>info@phobun.se<\/p>\n\n\n\n<p><\/p>\n\n\n\n<h5 class=\"wp-block-heading has-text-align-center\"><strong>\u00d6ppettider <\/strong><\/h5>\n\n\n\n<p class=\"has-text-align-center\">Tisdag &#8211; Torsdag 11 &#8211; 22<br>Fredag 11 &#8211; 01<br>L\u00f6rdag 12 &#8211; 01<br>S\u00f6ndag st\u00e4ngt<br>M\u00e5ndag st\u00e4ngt<\/p>\n\n\n\n<p class=\"has-text-align-center\"><\/p>\n\n\n\n<p><\/p>\n\n\n\n<p class=\"has-text-align-center\"><\/p>\n\n\n\n<p class=\"has-text-align-center\" id=\"block-48556874-81ae-4df2-9ca3-6b19b93f4dca\"><\/p>\n\n\n\n<p class=\"has-text-align-center\"><\/p>\n","protected":false},"excerpt":{"rendered":"<p>Viet Tapas, fr\u00e4scha cocktails och en atmosf\u00e4r som f\u00f6r tankarna till Vietnams livliga gator V\u00e4lkommen till Pho &amp; Bun, h\u00e4r \u00e4ter vi som i Vietnam: sm\u00e5r\u00e4tter, share food och massor av smak att dela. Med omsorgsfullt komponerade smaker, en inbjudande atmosf\u00e4r och ett naturligt fl\u00f6de mellan mat och umg\u00e4nge, ger vi dig utrymme att stanna [&hellip;]<\/p>\n","protected":false},"author":1,"featured_media":0,"parent":0,"menu_order":0,"comment_status":"closed","ping_status":"closed","template":"","meta":{"_monsterinsights_skip_tracking":false,"_monsterinsights_sitenote_active":false,"_monsterinsights_sitenote_note":"","_monsterinsights_sitenote_category":0,"footnotes":"[]"},"class_list":["post-2","page","type-page","status-publish","hentry"],"yoast_head":"<!-- This site is optimized with the Yoast SEO plugin v23.9 - https:\/\/yoast.com\/wordpress\/plugins\/seo\/ -->\n<title>Pho &amp; Bun - VIETNAMESE TAPAS<\/title>\n<meta name=\"robots\" content=\"index, follow, max-snippet:-1, max-image-preview:large, max-video-preview:-1\" \/>\n<link rel=\"canonical\" href=\"https:\/\/vntapas.se\/\" \/>\n<meta property=\"og:locale\" content=\"sv_SE\" \/>\n<meta property=\"og:type\" content=\"article\" \/>\n<meta property=\"og:title\" content=\"Pho &amp; Bun - VIETNAMESE TAPAS\" \/>\n<meta property=\"og:description\" content=\"Viet Tapas, fr\u00e4scha cocktails och en atmosf\u00e4r som f\u00f6r tankarna till Vietnams livliga gator V\u00e4lkommen till Pho &amp; Bun, h\u00e4r \u00e4ter vi som i Vietnam: sm\u00e5r\u00e4tter, share food och massor av smak att dela. Med omsorgsfullt komponerade smaker, en inbjudande atmosf\u00e4r och ett naturligt fl\u00f6de mellan mat och umg\u00e4nge, ger vi dig utrymme att stanna [&hellip;]\" \/>\n<meta property=\"og:url\" content=\"https:\/\/vntapas.se\/\" \/>\n<meta property=\"og:site_name\" content=\"VIETNAMESE TAPAS\" \/>\n<meta property=\"article:publisher\" content=\"https:\/\/www.facebook.com\/PhobunStockholm\/\" \/>\n<meta property=\"article:modified_time\" content=\"2026-03-16T14:22:46+00:00\" \/>\n<meta property=\"og:image\" content=\"https:\/\/vntapas.se\/wp-content\/uploads\/2025\/03\/Phobun-10-scaled.jpg\" \/>\n<meta name=\"twitter:card\" content=\"summary_large_image\" \/>\n<meta name=\"twitter:label1\" content=\"Ber\u00e4knad l\u00e4stid\" \/>\n\t<meta name=\"twitter:data1\" content=\"4 minuter\" \/>\n<script type=\"application\/ld+json\" class=\"yoast-schema-graph\">{\"@context\":\"https:\/\/schema.org\",\"@graph\":[{\"@type\":\"WebPage\",\"@id\":\"https:\/\/vntapas.se\/\",\"url\":\"https:\/\/vntapas.se\/\",\"name\":\"Pho & Bun - VIETNAMESE TAPAS\",\"isPartOf\":{\"@id\":\"https:\/\/vntapas.se\/#website\"},\"primaryImageOfPage\":{\"@id\":\"https:\/\/vntapas.se\/#primaryimage\"},\"image\":{\"@id\":\"https:\/\/vntapas.se\/#primaryimage\"},\"thumbnailUrl\":\"https:\/\/vntapas.se\/wp-content\/uploads\/2025\/03\/Phobun-10-scaled.jpg\",\"datePublished\":\"2024-11-20T13:38:12+00:00\",\"dateModified\":\"2026-03-16T14:22:46+00:00\",\"breadcrumb\":{\"@id\":\"https:\/\/vntapas.se\/#breadcrumb\"},\"inLanguage\":\"sv-SE\",\"potentialAction\":[{\"@type\":\"ReadAction\",\"target\":[\"https:\/\/vntapas.se\/\"]}]},{\"@type\":\"ImageObject\",\"inLanguage\":\"sv-SE\",\"@id\":\"https:\/\/vntapas.se\/#primaryimage\",\"url\":\"https:\/\/vntapas.se\/wp-content\/uploads\/2025\/03\/Phobun-10-scaled.jpg\",\"contentUrl\":\"https:\/\/vntapas.se\/wp-content\/uploads\/2025\/03\/Phobun-10-scaled.jpg\",\"width\":2560,\"height\":2286},{\"@type\":\"BreadcrumbList\",\"@id\":\"https:\/\/vntapas.se\/#breadcrumb\",\"itemListElement\":[{\"@type\":\"ListItem\",\"position\":1,\"name\":\"Home\",\"item\":\"https:\/\/vntapas.se\/\"},{\"@type\":\"ListItem\",\"position\":2,\"name\":\"Pho &#038; Bun\"}]},{\"@type\":\"WebSite\",\"@id\":\"https:\/\/vntapas.se\/#website\",\"url\":\"https:\/\/vntapas.se\/\",\"name\":\"VIETNAMESE TAPAS\",\"description\":\"\u0102n Ch\u01a1i - D\u00f9 \u0111\u1eddi c\u00f3 dang d\u1edf, nh\u01b0ng ta v\u1eabn \u0103n ph\u1edf\",\"publisher\":{\"@id\":\"https:\/\/vntapas.se\/#organization\"},\"potentialAction\":[{\"@type\":\"SearchAction\",\"target\":{\"@type\":\"EntryPoint\",\"urlTemplate\":\"https:\/\/vntapas.se\/?s={search_term_string}\"},\"query-input\":{\"@type\":\"PropertyValueSpecification\",\"valueRequired\":true,\"valueName\":\"search_term_string\"}}],\"inLanguage\":\"sv-SE\"},{\"@type\":\"Organization\",\"@id\":\"https:\/\/vntapas.se\/#organization\",\"name\":\"VIETNAMESE TAPAS\",\"url\":\"https:\/\/vntapas.se\/\",\"logo\":{\"@type\":\"ImageObject\",\"inLanguage\":\"sv-SE\",\"@id\":\"https:\/\/vntapas.se\/#\/schema\/logo\/image\/\",\"url\":\"https:\/\/vntapas.se\/wp-content\/uploads\/2024\/11\/logo.png\",\"contentUrl\":\"https:\/\/vntapas.se\/wp-content\/uploads\/2024\/11\/logo.png\",\"width\":510,\"height\":510,\"caption\":\"VIETNAMESE TAPAS\"},\"image\":{\"@id\":\"https:\/\/vntapas.se\/#\/schema\/logo\/image\/\"},\"sameAs\":[\"https:\/\/www.facebook.com\/PhobunStockholm\/\",\"https:\/\/www.instagram.com\/phobun\/\"]}]}<\/script>\n<!-- \/ Yoast SEO plugin. -->","yoast_head_json":{"title":"Pho & Bun - VIETNAMESE TAPAS","robots":{"index":"index","follow":"follow","max-snippet":"max-snippet:-1","max-image-preview":"max-image-preview:large","max-video-preview":"max-video-preview:-1"},"canonical":"https:\/\/vntapas.se\/","og_locale":"sv_SE","og_type":"article","og_title":"Pho & Bun - VIETNAMESE TAPAS","og_description":"Viet Tapas, fr\u00e4scha cocktails och en atmosf\u00e4r som f\u00f6r tankarna till Vietnams livliga gator V\u00e4lkommen till Pho &amp; Bun, h\u00e4r \u00e4ter vi som i Vietnam: sm\u00e5r\u00e4tter, share food och massor av smak att dela. Med omsorgsfullt komponerade smaker, en inbjudande atmosf\u00e4r och ett naturligt fl\u00f6de mellan mat och umg\u00e4nge, ger vi dig utrymme att stanna [&hellip;]","og_url":"https:\/\/vntapas.se\/","og_site_name":"VIETNAMESE TAPAS","article_publisher":"https:\/\/www.facebook.com\/PhobunStockholm\/","article_modified_time":"2026-03-16T14:22:46+00:00","og_image":[{"url":"https:\/\/vntapas.se\/wp-content\/uploads\/2025\/03\/Phobun-10-scaled.jpg"}],"twitter_card":"summary_large_image","twitter_misc":{"Ber\u00e4knad l\u00e4stid":"4 minuter"},"schema":{"@context":"https:\/\/schema.org","@graph":[{"@type":"WebPage","@id":"https:\/\/vntapas.se\/","url":"https:\/\/vntapas.se\/","name":"Pho & Bun - VIETNAMESE TAPAS","isPartOf":{"@id":"https:\/\/vntapas.se\/#website"},"primaryImageOfPage":{"@id":"https:\/\/vntapas.se\/#primaryimage"},"image":{"@id":"https:\/\/vntapas.se\/#primaryimage"},"thumbnailUrl":"https:\/\/vntapas.se\/wp-content\/uploads\/2025\/03\/Phobun-10-scaled.jpg","datePublished":"2024-11-20T13:38:12+00:00","dateModified":"2026-03-16T14:22:46+00:00","breadcrumb":{"@id":"https:\/\/vntapas.se\/#breadcrumb"},"inLanguage":"sv-SE","potentialAction":[{"@type":"ReadAction","target":["https:\/\/vntapas.se\/"]}]},{"@type":"ImageObject","inLanguage":"sv-SE","@id":"https:\/\/vntapas.se\/#primaryimage","url":"https:\/\/vntapas.se\/wp-content\/uploads\/2025\/03\/Phobun-10-scaled.jpg","contentUrl":"https:\/\/vntapas.se\/wp-content\/uploads\/2025\/03\/Phobun-10-scaled.jpg","width":2560,"height":2286},{"@type":"BreadcrumbList","@id":"https:\/\/vntapas.se\/#breadcrumb","itemListElement":[{"@type":"ListItem","position":1,"name":"Home","item":"https:\/\/vntapas.se\/"},{"@type":"ListItem","position":2,"name":"Pho &#038; Bun"}]},{"@type":"WebSite","@id":"https:\/\/vntapas.se\/#website","url":"https:\/\/vntapas.se\/","name":"VIETNAMESE TAPAS","description":"\u0102n Ch\u01a1i - D\u00f9 \u0111\u1eddi c\u00f3 dang d\u1edf, nh\u01b0ng ta v\u1eabn \u0103n ph\u1edf","publisher":{"@id":"https:\/\/vntapas.se\/#organization"},"potentialAction":[{"@type":"SearchAction","target":{"@type":"EntryPoint","urlTemplate":"https:\/\/vntapas.se\/?s={search_term_string}"},"query-input":{"@type":"PropertyValueSpecification","valueRequired":true,"valueName":"search_term_string"}}],"inLanguage":"sv-SE"},{"@type":"Organization","@id":"https:\/\/vntapas.se\/#organization","name":"VIETNAMESE TAPAS","url":"https:\/\/vntapas.se\/","logo":{"@type":"ImageObject","inLanguage":"sv-SE","@id":"https:\/\/vntapas.se\/#\/schema\/logo\/image\/","url":"https:\/\/vntapas.se\/wp-content\/uploads\/2024\/11\/logo.png","contentUrl":"https:\/\/vntapas.se\/wp-content\/uploads\/2024\/11\/logo.png","width":510,"height":510,"caption":"VIETNAMESE TAPAS"},"image":{"@id":"https:\/\/vntapas.se\/#\/schema\/logo\/image\/"},"sameAs":["https:\/\/www.facebook.com\/PhobunStockholm\/","https:\/\/www.instagram.com\/phobun\/"]}]}},"_links":{"self":[{"href":"https:\/\/vntapas.se\/index.php?rest_route=\/wp\/v2\/pages\/2","targetHints":{"allow":["GET"]}}],"collection":[{"href":"https:\/\/vntapas.se\/index.php?rest_route=\/wp\/v2\/pages"}],"about":[{"href":"https:\/\/vntapas.se\/index.php?rest_route=\/wp\/v2\/types\/page"}],"author":[{"embeddable":true,"href":"https:\/\/vntapas.se\/index.php?rest_route=\/wp\/v2\/users\/1"}],"replies":[{"embeddable":true,"href":"https:\/\/vntapas.se\/index.php?rest_route=%2Fwp%2Fv2%2Fcomments&post=2"}],"version-history":[{"count":6,"href":"https:\/\/vntapas.se\/index.php?rest_route=\/wp\/v2\/pages\/2\/revisions"}],"predecessor-version":[{"id":475,"href":"https:\/\/vntapas.se\/index.php?rest_route=\/wp\/v2\/pages\/2\/revisions\/475"}],"wp:attachment":[{"href":"https:\/\/vntapas.se\/index.php?rest_route=%2Fwp%2Fv2%2Fmedia&parent=2"}],"curies":[{"name":"wp","href":"https:\/\/api.w.org\/{rel}","templated":true}]}}