{"id":37,"date":"2024-11-21T10:46:45","date_gmt":"2024-11-21T09:46:45","guid":{"rendered":"https:\/\/vntapas.se\/?page_id=37"},"modified":"2026-02-02T14:27:59","modified_gmt":"2026-02-02T13:27:59","slug":"avsmakningsmeny","status":"publish","type":"page","link":"https:\/\/vntapas.se\/?page_id=37","title":{"rendered":"Avsmakningsmeny"},"content":{"rendered":"\n<hr class=\"wp-block-separator has-alpha-channel-opacity is-style-wide\"\/>\n\n\n\n<p class=\"has-text-align-center\">Samla v\u00e4nnerna och dela p\u00e5 n\u00e5got riktigt gott! V\u00e5r&nbsp;avsmakningsmeny&nbsp;bjuder p\u00e5 sm\u00e5, k\u00e4rleksfullt tillagade r\u00e4tter fyllda med autentiska smaker och f\u00e4rska ingredienser. Perfekt f\u00f6r en smakresa genom Vietnams livliga matkultur. Sj\u00e4lvklart erbjuder vi \u00e4ven veganska alternativ.<\/p>\n\n\n\n<p class=\"has-text-align-center\">Pris: 445 kr per person<\/p>\n\n\n\n<p class=\"has-text-align-center\"><\/p>\n\n\n\n<div data-wp-interactive=\"core\/file\" class=\"wp-block-file\"><object data-wp-bind--hidden=\"!state.hasPdfPreview\" hidden class=\"wp-block-file__embed\" data=\"https:\/\/vntapas.se\/wp-content\/uploads\/2026\/02\/Avsmakningsmeny-PB-2026-3.pdf\" type=\"application\/pdf\" style=\"width:100%;height:600px\" aria-label=\"Inb\u00e4ddning av Avsmakningsmeny.\"><\/object><a id=\"wp-block-file--media-220697c2-4cbd-4fdc-8422-4281c0ba8da9\" href=\"https:\/\/vntapas.se\/wp-content\/uploads\/2026\/02\/Avsmakningsmeny-PB-2026-3.pdf\">Avsmakningsmeny<\/a><a href=\"https:\/\/vntapas.se\/wp-content\/uploads\/2026\/02\/Avsmakningsmeny-PB-2026-3.pdf\" class=\"wp-block-file__button wp-element-button\" download aria-describedby=\"wp-block-file--media-220697c2-4cbd-4fdc-8422-4281c0ba8da9\">Ladda ner<\/a><\/div>\n\n\n\n<p class=\"has-text-align-center\"><\/p>\n\n\n\n<p><\/p>\n","protected":false},"excerpt":{"rendered":"<p>Samla v\u00e4nnerna och dela p\u00e5 n\u00e5got riktigt gott! V\u00e5r&nbsp;avsmakningsmeny&nbsp;bjuder p\u00e5 sm\u00e5, k\u00e4rleksfullt tillagade r\u00e4tter fyllda med autentiska smaker och f\u00e4rska ingredienser. Perfekt f\u00f6r en smakresa genom Vietnams livliga matkultur. Sj\u00e4lvklart erbjuder vi \u00e4ven veganska alternativ. Pris: 445 kr per person<\/p>\n","protected":false},"author":1,"featured_media":0,"parent":0,"menu_order":1,"comment_status":"closed","ping_status":"closed","template":"","meta":{"_monsterinsights_skip_tracking":false,"_monsterinsights_sitenote_active":false,"_monsterinsights_sitenote_note":"","_monsterinsights_sitenote_category":0,"footnotes":""},"class_list":["post-37","page","type-page","status-publish","hentry"],"yoast_head":"<!-- This site is optimized with the Yoast SEO plugin v23.9 - https:\/\/yoast.com\/wordpress\/plugins\/seo\/ -->\n<title>Avsmakningsmeny - VIETNAMESE TAPAS<\/title>\n<meta name=\"robots\" content=\"index, follow, max-snippet:-1, max-image-preview:large, max-video-preview:-1\" \/>\n<link rel=\"canonical\" href=\"https:\/\/vntapas.se\/?page_id=37\" \/>\n<meta property=\"og:locale\" content=\"sv_SE\" \/>\n<meta property=\"og:type\" content=\"article\" \/>\n<meta property=\"og:title\" content=\"Avsmakningsmeny - VIETNAMESE TAPAS\" \/>\n<meta property=\"og:description\" content=\"Samla v\u00e4nnerna och dela p\u00e5 n\u00e5got riktigt gott! V\u00e5r&nbsp;avsmakningsmeny&nbsp;bjuder p\u00e5 sm\u00e5, k\u00e4rleksfullt tillagade r\u00e4tter fyllda med autentiska smaker och f\u00e4rska ingredienser. Perfekt f\u00f6r en smakresa genom Vietnams livliga matkultur. Sj\u00e4lvklart erbjuder vi \u00e4ven veganska alternativ. Pris: 445 kr per person\" \/>\n<meta property=\"og:url\" content=\"https:\/\/vntapas.se\/?page_id=37\" \/>\n<meta property=\"og:site_name\" content=\"VIETNAMESE TAPAS\" \/>\n<meta property=\"article:publisher\" content=\"https:\/\/www.facebook.com\/PhobunStockholm\/\" \/>\n<meta property=\"article:modified_time\" content=\"2026-02-02T13:27:59+00:00\" \/>\n<meta name=\"twitter:card\" content=\"summary_large_image\" \/>\n<meta name=\"twitter:label1\" content=\"Ber\u00e4knad l\u00e4stid\" \/>\n\t<meta name=\"twitter:data1\" content=\"1 minut\" \/>\n<script type=\"application\/ld+json\" class=\"yoast-schema-graph\">{\"@context\":\"https:\/\/schema.org\",\"@graph\":[{\"@type\":\"WebPage\",\"@id\":\"https:\/\/vntapas.se\/?page_id=37\",\"url\":\"https:\/\/vntapas.se\/?page_id=37\",\"name\":\"Avsmakningsmeny - VIETNAMESE TAPAS\",\"isPartOf\":{\"@id\":\"https:\/\/vntapas.se\/#website\"},\"datePublished\":\"2024-11-21T09:46:45+00:00\",\"dateModified\":\"2026-02-02T13:27:59+00:00\",\"breadcrumb\":{\"@id\":\"https:\/\/vntapas.se\/?page_id=37#breadcrumb\"},\"inLanguage\":\"sv-SE\",\"potentialAction\":[{\"@type\":\"ReadAction\",\"target\":[\"https:\/\/vntapas.se\/?page_id=37\"]}]},{\"@type\":\"BreadcrumbList\",\"@id\":\"https:\/\/vntapas.se\/?page_id=37#breadcrumb\",\"itemListElement\":[{\"@type\":\"ListItem\",\"position\":1,\"name\":\"Home\",\"item\":\"https:\/\/vntapas.se\/\"},{\"@type\":\"ListItem\",\"position\":2,\"name\":\"Avsmakningsmeny\"}]},{\"@type\":\"WebSite\",\"@id\":\"https:\/\/vntapas.se\/#website\",\"url\":\"https:\/\/vntapas.se\/\",\"name\":\"VIETNAMESE TAPAS\",\"description\":\"\u0102n Ch\u01a1i - D\u00f9 \u0111\u1eddi c\u00f3 dang d\u1edf, nh\u01b0ng ta v\u1eabn \u0103n ph\u1edf\",\"publisher\":{\"@id\":\"https:\/\/vntapas.se\/#organization\"},\"potentialAction\":[{\"@type\":\"SearchAction\",\"target\":{\"@type\":\"EntryPoint\",\"urlTemplate\":\"https:\/\/vntapas.se\/?s={search_term_string}\"},\"query-input\":{\"@type\":\"PropertyValueSpecification\",\"valueRequired\":true,\"valueName\":\"search_term_string\"}}],\"inLanguage\":\"sv-SE\"},{\"@type\":\"Organization\",\"@id\":\"https:\/\/vntapas.se\/#organization\",\"name\":\"VIETNAMESE TAPAS\",\"url\":\"https:\/\/vntapas.se\/\",\"logo\":{\"@type\":\"ImageObject\",\"inLanguage\":\"sv-SE\",\"@id\":\"https:\/\/vntapas.se\/#\/schema\/logo\/image\/\",\"url\":\"https:\/\/vntapas.se\/wp-content\/uploads\/2024\/11\/logo.png\",\"contentUrl\":\"https:\/\/vntapas.se\/wp-content\/uploads\/2024\/11\/logo.png\",\"width\":510,\"height\":510,\"caption\":\"VIETNAMESE TAPAS\"},\"image\":{\"@id\":\"https:\/\/vntapas.se\/#\/schema\/logo\/image\/\"},\"sameAs\":[\"https:\/\/www.facebook.com\/PhobunStockholm\/\",\"https:\/\/www.instagram.com\/phobun\/\"]}]}<\/script>\n<!-- \/ Yoast SEO plugin. -->","yoast_head_json":{"title":"Avsmakningsmeny - VIETNAMESE TAPAS","robots":{"index":"index","follow":"follow","max-snippet":"max-snippet:-1","max-image-preview":"max-image-preview:large","max-video-preview":"max-video-preview:-1"},"canonical":"https:\/\/vntapas.se\/?page_id=37","og_locale":"sv_SE","og_type":"article","og_title":"Avsmakningsmeny - VIETNAMESE TAPAS","og_description":"Samla v\u00e4nnerna och dela p\u00e5 n\u00e5got riktigt gott! V\u00e5r&nbsp;avsmakningsmeny&nbsp;bjuder p\u00e5 sm\u00e5, k\u00e4rleksfullt tillagade r\u00e4tter fyllda med autentiska smaker och f\u00e4rska ingredienser. Perfekt f\u00f6r en smakresa genom Vietnams livliga matkultur. Sj\u00e4lvklart erbjuder vi \u00e4ven veganska alternativ. Pris: 445 kr per person","og_url":"https:\/\/vntapas.se\/?page_id=37","og_site_name":"VIETNAMESE TAPAS","article_publisher":"https:\/\/www.facebook.com\/PhobunStockholm\/","article_modified_time":"2026-02-02T13:27:59+00:00","twitter_card":"summary_large_image","twitter_misc":{"Ber\u00e4knad l\u00e4stid":"1 minut"},"schema":{"@context":"https:\/\/schema.org","@graph":[{"@type":"WebPage","@id":"https:\/\/vntapas.se\/?page_id=37","url":"https:\/\/vntapas.se\/?page_id=37","name":"Avsmakningsmeny - VIETNAMESE TAPAS","isPartOf":{"@id":"https:\/\/vntapas.se\/#website"},"datePublished":"2024-11-21T09:46:45+00:00","dateModified":"2026-02-02T13:27:59+00:00","breadcrumb":{"@id":"https:\/\/vntapas.se\/?page_id=37#breadcrumb"},"inLanguage":"sv-SE","potentialAction":[{"@type":"ReadAction","target":["https:\/\/vntapas.se\/?page_id=37"]}]},{"@type":"BreadcrumbList","@id":"https:\/\/vntapas.se\/?page_id=37#breadcrumb","itemListElement":[{"@type":"ListItem","position":1,"name":"Home","item":"https:\/\/vntapas.se\/"},{"@type":"ListItem","position":2,"name":"Avsmakningsmeny"}]},{"@type":"WebSite","@id":"https:\/\/vntapas.se\/#website","url":"https:\/\/vntapas.se\/","name":"VIETNAMESE TAPAS","description":"\u0102n Ch\u01a1i - D\u00f9 \u0111\u1eddi c\u00f3 dang d\u1edf, nh\u01b0ng ta v\u1eabn \u0103n ph\u1edf","publisher":{"@id":"https:\/\/vntapas.se\/#organization"},"potentialAction":[{"@type":"SearchAction","target":{"@type":"EntryPoint","urlTemplate":"https:\/\/vntapas.se\/?s={search_term_string}"},"query-input":{"@type":"PropertyValueSpecification","valueRequired":true,"valueName":"search_term_string"}}],"inLanguage":"sv-SE"},{"@type":"Organization","@id":"https:\/\/vntapas.se\/#organization","name":"VIETNAMESE TAPAS","url":"https:\/\/vntapas.se\/","logo":{"@type":"ImageObject","inLanguage":"sv-SE","@id":"https:\/\/vntapas.se\/#\/schema\/logo\/image\/","url":"https:\/\/vntapas.se\/wp-content\/uploads\/2024\/11\/logo.png","contentUrl":"https:\/\/vntapas.se\/wp-content\/uploads\/2024\/11\/logo.png","width":510,"height":510,"caption":"VIETNAMESE TAPAS"},"image":{"@id":"https:\/\/vntapas.se\/#\/schema\/logo\/image\/"},"sameAs":["https:\/\/www.facebook.com\/PhobunStockholm\/","https:\/\/www.instagram.com\/phobun\/"]}]}},"_links":{"self":[{"href":"https:\/\/vntapas.se\/index.php?rest_route=\/wp\/v2\/pages\/37","targetHints":{"allow":["GET"]}}],"collection":[{"href":"https:\/\/vntapas.se\/index.php?rest_route=\/wp\/v2\/pages"}],"about":[{"href":"https:\/\/vntapas.se\/index.php?rest_route=\/wp\/v2\/types\/page"}],"author":[{"embeddable":true,"href":"https:\/\/vntapas.se\/index.php?rest_route=\/wp\/v2\/users\/1"}],"replies":[{"embeddable":true,"href":"https:\/\/vntapas.se\/index.php?rest_route=%2Fwp%2Fv2%2Fcomments&post=37"}],"version-history":[{"count":7,"href":"https:\/\/vntapas.se\/index.php?rest_route=\/wp\/v2\/pages\/37\/revisions"}],"predecessor-version":[{"id":477,"href":"https:\/\/vntapas.se\/index.php?rest_route=\/wp\/v2\/pages\/37\/revisions\/477"}],"wp:attachment":[{"href":"https:\/\/vntapas.se\/index.php?rest_route=%2Fwp%2Fv2%2Fmedia&parent=37"}],"curies":[{"name":"wp","href":"https:\/\/api.w.org\/{rel}","templated":true}]}}